{"id":5,"date":"2021-06-10T11:28:35","date_gmt":"2021-06-10T09:28:35","guid":{"rendered":"http:\/\/hln.opti-net.pl\/index.php\/home-page\/"},"modified":"2024-03-21T09:17:28","modified_gmt":"2024-03-21T08:17:28","slug":"home-page","status":"publish","type":"page","link":"http:\/\/hln.pl\/","title":{"rendered":"HOME"},"content":{"rendered":"<div id=\"pl-5\"  class=\"panel-layout\" ><div id=\"pg-5-0\"  class=\"panel-grid panel-no-style\" ><div id=\"pgc-5-0-0\"  class=\"panel-grid-cell\" ><div id=\"panel-5-0-0-0\" class=\"so-panel widget widget_sow-editor panel-first-child panel-last-child\" data-index=\"0\" ><div\n\t\t\t\n\t\t\tclass=\"so-widget-sow-editor so-widget-sow-editor-base\"\n\t\t\t\n\t\t>\n<div class=\"siteorigin-widget-tinymce textwidget\">\n\t<p>HLN - Furniture<\/p>\n<p>Firma istnieje na rynku mebli od roku 1991.<br \/>\nObecnie ca\u0142a produkcja ukierunkowana jest na wyroby tapicerskie.<br \/>\nZajmujemy si\u0119 r\u00f3wnie\u017c dystrybucj\u0105 wysokiej jako\u015bci tarcicy bukowej oraz d\u0119bowej.<br \/>\n90% naszej produkcji skierowane jest do firm europejskich stawiaj\u0105cych wysokie wamagania jako\u015bciowe.<br \/>\nDotychczasowi nasi kontrahenci to firmy znajduj\u0105ce si\u0119 w Niemczech, Holandi, Belgi, Francji, Izraelu.<br \/>\nWykfalifikowana za\u0142oga pozwala sprosta\u0107 ka\u017cdemu zadaniu w bran\u017cy mebli tapicerowanych.<br \/>\nNowe rosno\u0105ce mo\u017cliwo\u015bci sk\u0142aniaj\u0105 nas wci\u0105\u017c do poszukiwania nowych kontrahent\u00f3w oraz rynk\u00f3w zbytu.<\/p>\n<p><img loading=\"lazy\" decoding=\"async\" class=\"wp-image-14 size-full alignleft\" src=\"http:\/\/hln.pl\/wp-content\/uploads\/2021\/06\/renowacja.jpg\" alt=\"\" width=\"140\" height=\"105\" \/>Renowacja mebli<\/p>\n<p>&nbsp;<\/p>\n<p>&nbsp;<\/p>\n<p>&nbsp;<\/p>\n<p>Je\u015bli jeste\u015b zaintnteresowany wsp\u00f3\u0142prac\u0105 d\u0142ugoterminow\u0105 prosimy o <a href=\"http:\/\/hln.pl\/index.php?option=com_contact&amp;Itemid=3\">kontakt<\/a><\/p>\n<p>Je\u015bli jete\u015b odbiorc\u0105 detaliczynym zobacz nasze aukcje na <a href=\"http:\/\/www.allegro.pl\/show_user_auctions.php?uid=7751482\">allegro <\/a><\/p>\n<p><strong>Sofa Daniel<\/strong><\/p>\n<p><img loading=\"lazy\" decoding=\"async\" class=\"size-full wp-image-15 aligncenter\" src=\"http:\/\/hln.opti-net.pl\/wp-content\/uploads\/2021\/06\/diament1.jpg\" alt=\"\" width=\"463\" height=\"394\" srcset=\"http:\/\/hln.pl\/wp-content\/uploads\/2021\/06\/diament1.jpg 463w, http:\/\/hln.pl\/wp-content\/uploads\/2021\/06\/diament1-300x255.jpg 300w\" sizes=\"auto, (max-width: 463px) 100vw, 463px\" \/><\/p>\n<div>4 stycznia br., w Instytucie Wzornictwa Przemys\u0142owego w Warszawie, wr\u0119czone zosta\u0142y nagrody w VI edycji presti\u017cowego konkursu ,,Diament Meblarstwa'' organizowanego przez miesi\u0119cznik,, BIZNES meble.pl'' oraz portal meble.pl.<\/div>\n<div><\/div>\n<div>W konkursie udzia\u0142 wzie\u0142o 66 firm - producent\u00f3w i dystrybutor\u00f3w mebli, zg\u0142osi\u0142y one do konkursu blisko 150 produkt\u00f3w. Z tego grona\u00a0kilkudziesi\u0119cioosobowe jury, skupiaj\u0105ce przedstawicieli salon\u00f3w meblowych,dziennikarzy,przedstawicieli wiod\u0105cych polskich targ\u00f3w, instytut\u00f3w badawczych wsp\u00f3\u0142pracuj\u0105cych z bran\u017c\u0105 meblarsk\u0105, a tak\u017ce architekt\u00f3w i projektant\u00f3w wn\u0119trz, wybra\u0142o najlepszych.W klasie meble tapicerowane\u00a0standard\u00a0g\u0142\u00f3wn\u0105 nagrode\u00a0,,Diament Meblarstwa'' zdoby\u0142a sofa DANIEL<\/div>\n<p style=\"color: #FFFFFF; font-size: 2px;\">Pomoc komputerowa, Pomoc komputerowa Opole, serwis komputerowy, odzyskiwanie danych, przywracanie danych, naprawy komputer\u00f3w, sieci teleinformatyczne,serwis komputerowy Opole, ochrona danych osobowych, naprawy komputer\u00f3w Opole <a style=\"color: #FFFFFF;\" href=\"\u201dhttp:\/\/opti-net.pl\u201d\"> opti-net.pl <\/a><br \/>\nRachunkowo\u015b\u0107, Us\u0142ugi rachunkowe, biuro rachunkowe opole, ksi\u0119gowo\u015b\u0107, us\u0142ugi ksi\u0119gowe, Fryt, sp\u00f3\u0142ki z o.o.,kpir, zus, pity,rozliczenia <a style=\"color: #FFFFFF;\" href=\"\u201dhttp:\/\/contadora.pl\u201d\"> contadora.pl <\/a><\/p>\n<div><img loading=\"lazy\" decoding=\"async\" class=\"size-full wp-image-16 aligncenter\" src=\"http:\/\/hln.opti-net.pl\/wp-content\/uploads\/2021\/06\/daniel1.jpg\" alt=\"\" width=\"460\" height=\"297\" srcset=\"http:\/\/hln.pl\/wp-content\/uploads\/2021\/06\/daniel1.jpg 460w, http:\/\/hln.pl\/wp-content\/uploads\/2021\/06\/daniel1-300x194.jpg 300w\" sizes=\"auto, (max-width: 460px) 100vw, 460px\" \/><\/div>\n<div><img loading=\"lazy\" decoding=\"async\" class=\"size-full wp-image-17 aligncenter\" src=\"http:\/\/hln.opti-net.pl\/wp-content\/uploads\/2021\/06\/02_m.jpg\" alt=\"\" width=\"422\" height=\"298\" srcset=\"http:\/\/hln.pl\/wp-content\/uploads\/2021\/06\/02_m.jpg 422w, http:\/\/hln.pl\/wp-content\/uploads\/2021\/06\/02_m-300x212.jpg 300w\" sizes=\"auto, (max-width: 422px) 100vw, 422px\" \/><\/div>\n<div><img loading=\"lazy\" decoding=\"async\" class=\"size-full wp-image-18 aligncenter\" src=\"http:\/\/hln.opti-net.pl\/wp-content\/uploads\/2021\/06\/03_m.jpg\" alt=\"\" width=\"621\" height=\"875\" srcset=\"http:\/\/hln.pl\/wp-content\/uploads\/2021\/06\/03_m.jpg 621w, http:\/\/hln.pl\/wp-content\/uploads\/2021\/06\/03_m-213x300.jpg 213w\" sizes=\"auto, (max-width: 621px) 100vw, 621px\" \/><\/div>\n<p>&nbsp;<\/p>\n<\/div>\n<\/div><\/div><\/div><\/div><\/div>","protected":false},"excerpt":{"rendered":"<p>HLN &#8211; Furniture Firma istnieje na rynku mebli od roku 1991. Obecnie ca\u0142a produkcja ukierunkowana jest na wyroby tapicerskie. Zajmujemy si\u0119 r\u00f3wnie\u017c dystrybucj\u0105 wysokiej jako\u015bci tarcicy bukowej oraz d\u0119bowej. 90% naszej produkcji skierowane jest do firm europejskich stawiaj\u0105cych wysokie wamagania jako\u015bciowe. Dotychczasowi nasi kontrahenci to firmy znajduj\u0105ce si\u0119 w Niemczech, Holandi, Belgi, Francji, Izraelu. Wykfalifikowana [&hellip;]<\/p>\n","protected":false},"author":1,"featured_media":0,"parent":0,"menu_order":0,"comment_status":"closed","ping_status":"closed","template":"home-panels.php","meta":{"footnotes":""},"class_list":["post-5","page","type-page","status-publish","hentry","post"],"_links":{"self":[{"href":"http:\/\/hln.pl\/index.php\/wp-json\/wp\/v2\/pages\/5","targetHints":{"allow":["GET"]}}],"collection":[{"href":"http:\/\/hln.pl\/index.php\/wp-json\/wp\/v2\/pages"}],"about":[{"href":"http:\/\/hln.pl\/index.php\/wp-json\/wp\/v2\/types\/page"}],"author":[{"embeddable":true,"href":"http:\/\/hln.pl\/index.php\/wp-json\/wp\/v2\/users\/1"}],"replies":[{"embeddable":true,"href":"http:\/\/hln.pl\/index.php\/wp-json\/wp\/v2\/comments?post=5"}],"version-history":[{"count":5,"href":"http:\/\/hln.pl\/index.php\/wp-json\/wp\/v2\/pages\/5\/revisions"}],"predecessor-version":[{"id":144,"href":"http:\/\/hln.pl\/index.php\/wp-json\/wp\/v2\/pages\/5\/revisions\/144"}],"wp:attachment":[{"href":"http:\/\/hln.pl\/index.php\/wp-json\/wp\/v2\/media?parent=5"}],"curies":[{"name":"wp","href":"https:\/\/api.w.org\/{rel}","templated":true}]}}